{"id":4951,"date":"2019-11-26T10:03:47","date_gmt":"2019-11-26T09:03:47","guid":{"rendered":"https:\/\/54tattoostudio.com\/contacto\/"},"modified":"2025-01-14T10:41:09","modified_gmt":"2025-01-14T09:41:09","slug":"contacto","status":"publish","type":"page","link":"https:\/\/54tattoostudio.com\/en\/contacto\/","title":{"rendered":"Contacto"},"content":{"rendered":"<!--themify_builder_content-->\n<div id=\"themify_builder_content-4951\" data-postid=\"4951\" class=\"themify_builder_content themify_builder_content-4951 themify_builder tf_clear\">\n                    <div  data-css_id=\"6pb2201\" data-lazy=\"1\" class=\"module_row themify_builder_row fullwidth tb_6pb2201 tb_first tf_w\">\n                        <div class=\"row_inner col_align_top tb_col_count_1 tf_box tf_rel\">\n                        <div  data-lazy=\"1\" class=\"module_column tb-column col-full tb_7sl8201 first\">\n                    <!-- module fancy heading -->\n<div  class=\"module module-fancy-heading tb_f5ug202  tb_hide_divider\" data-lazy=\"1\">\n        <h1 class=\"fancy-heading tf_textc\">\n    <span class=\"main-head tf_block\">\n                    Contact            <\/span>\n\n            <span class=\"tb_fancy_heading_icon_wrap tf_block\">\n                        <span class=\"tb_fancy_heading_icon\">\n                                    <em><svg  class=\"tf_fa tf-ti-arrow-circle-down\" aria-hidden=\"true\"><use href=\"#tf-ti-arrow-circle-down\"><\/use><\/svg><\/em>\n                            <\/span>\n                    <\/span>\n    \n    <span class=\"sub-head tf_block tf_rel\">\n                    54 Tattoo Studio            <\/span>\n    <\/h1>\n<\/div>\n<!-- \/module fancy heading -->\n        <\/div>\n                        <\/div>\n        <\/div>\n                        <div  data-anchor=\"contacto\" data-css_id=\"cxkv772\" id=\"contacto-2\" data-lazy=\"1\" class=\"module_row themify_builder_row fullwidth tb_has_section tb_section-contacto tb_cxkv772 tf_w\">\n            <span class=\"builder_row_cover tf_abs\"><\/span>            <div class=\"row_inner col_align_top tb_col_count_1 tf_box tf_rel\">\n                        <div  data-lazy=\"1\" class=\"module_column tb-column col-full tb_euxx772 first\">\n                    <!-- module fancy heading -->\n<div  class=\"module module-fancy-heading tb_w0e8772 \" data-lazy=\"1\">\n        <h1 class=\"fancy-heading tf_textc\">\n    <span class=\"main-head tf_block\">\n                    Do you want to get a tattoo?            <\/span>\n\n    \n    <span class=\"sub-head tf_block tf_rel\">\n                    Do you need information?            <\/span>\n    <\/h1>\n<\/div>\n<!-- \/module fancy heading -->\n<!-- module fancy heading -->\n<div  class=\"module module-fancy-heading tb_lmwo772 \" data-lazy=\"1\">\n        <h1 class=\"fancy-heading tf_textc\">\n    <span class=\"main-head tf_block\">\n                                <\/span>\n\n    \n    <span class=\"sub-head tf_block tf_rel\">\n                    Visit us            <\/span>\n    <\/h1>\n<\/div>\n<!-- \/module fancy heading -->\n<!-- module text -->\n<div  class=\"module module-text tb_s8a9772   \" data-lazy=\"1\">\n        <div  class=\"tb_text_wrap\">\n        <p style=\"text-align: center;\">C. Andaluc\u00eda, 4, 29670 San Pedro Alc\u00e1ntara, M\u00e1laga<\/p>    <\/div>\n<\/div>\n<!-- \/module text --><!-- module fancy heading -->\n<div  class=\"module module-fancy-heading tb_ic06772 \" data-lazy=\"1\">\n        <h1 class=\"fancy-heading tf_textc\">\n    <span class=\"main-head tf_block\">\n                                <\/span>\n\n    \n    <span class=\"sub-head tf_block tf_rel\">\n                    Contact us            <\/span>\n    <\/h1>\n<\/div>\n<!-- \/module fancy heading -->\n<!-- module text -->\n<div  class=\"module module-text tb_48v0772   \" data-lazy=\"1\">\n        <div  class=\"tb_text_wrap\">\n        <p style=\"text-align: center;\">Horario 11:00 a 20:00 hrs<\/p>    <\/div>\n<\/div>\n<!-- \/module text -->        <div  data-lazy=\"1\" class=\"module_subrow themify_builder_sub_row tf_w col_align_top gutter-none tb_col_count_4 tb_egzg772\">\n                <div  data-lazy=\"1\" class=\"module_column sub_column col4-1 tb_itn5773 first\">\n                            <\/div>\n                    <div  data-lazy=\"1\" class=\"module_column sub_column col4-1 tb_hmp1773\">\n                    <!-- module plain text -->\n<div  class=\"module module-plain-text tb_djrn773 \" data-lazy=\"1\">\n        <div class=\"tb_text_wrap\">\n    <p style=\"text-align: center;\"><a class=\"cwhatsapp\" href=\"https:\/\/api.whatsapp.com\/send?phone=34640678824&amp;text=\">\n<button class=\"cwhatsapp\">Whatsapp<\/button><\/a><\/p>    <\/div>\n<\/div>\n<!-- \/module plain text -->        <\/div>\n                    <div  data-lazy=\"1\" class=\"module_column sub_column col4-1 tb_mbxd773\">\n                    <!-- module plain text -->\n<div  class=\"module module-plain-text tb_p51i773 \" data-lazy=\"1\">\n        <div class=\"tb_text_wrap\">\n    <p style=\"text-align: center;\"><a class=\"ctelefono boton desktop\" href=\"\/telefono\">\n<button class=\"ctelefono\">Call us<\/button><\/a>\n<a class=\"ctelefono boton movil\" href=\"tel:+34640678824\"><button class=\"ctelefono\">Ll\u00e1manos<\/button><\/a><\/p>    <\/div>\n<\/div>\n<!-- \/module plain text -->        <\/div>\n                    <div  data-lazy=\"1\" class=\"module_column sub_column col4-1 tb_aa8v773 last\">\n                            <\/div>\n                    <\/div>\n                <div  data-lazy=\"1\" class=\"module_subrow themify_builder_sub_row tf_w col_align_top gutter-none tb_col_count_3 tb_nu02773\">\n                <div  data-lazy=\"1\" class=\"module_column sub_column col3-1 tb_pog3773 first\">\n                            <\/div>\n                    <div  data-lazy=\"1\" class=\"module_column sub_column col3-1 tb_329p773\">\n                    <!-- module plain text -->\n<div  class=\"module module-plain-text tb_xpnv773 \" data-lazy=\"1\">\n        <div class=\"tb_text_wrap\">\n    \n<div class=\"wpcf7 no-js\" id=\"wpcf7-f4734-o1\" lang=\"en-US\" dir=\"ltr\" data-wpcf7-id=\"4734\">\n<div class=\"screen-reader-response\"><p role=\"status\" aria-live=\"polite\" aria-atomic=\"true\"><\/p> <ul><\/ul><\/div>\n<form action=\"\/en\/wp-json\/wp\/v2\/pages\/4951#wpcf7-f4734-o1\" method=\"post\" class=\"wpcf7-form init\" aria-label=\"Contact form\" novalidate=\"novalidate\" data-status=\"init\">\n<fieldset class=\"hidden-fields-container\"><input type=\"hidden\" name=\"_wpcf7\" value=\"4734\" \/><input type=\"hidden\" name=\"_wpcf7_version\" value=\"6.1.5\" \/><input type=\"hidden\" name=\"_wpcf7_locale\" value=\"en_US\" \/><input type=\"hidden\" name=\"_wpcf7_unit_tag\" value=\"wpcf7-f4734-o1\" \/><input type=\"hidden\" name=\"_wpcf7_container_post\" value=\"0\" \/><input type=\"hidden\" name=\"_wpcf7_posted_data_hash\" value=\"\" \/><input type=\"hidden\" name=\"_wpcf7cf_hidden_group_fields\" value=\"[]\" \/><input type=\"hidden\" name=\"_wpcf7cf_hidden_groups\" value=\"[]\" \/><input type=\"hidden\" name=\"_wpcf7cf_visible_groups\" value=\"[]\" \/><input type=\"hidden\" name=\"_wpcf7cf_repeaters\" value=\"[]\" \/><input type=\"hidden\" name=\"_wpcf7cf_steps\" value=\"{}\" \/><input type=\"hidden\" name=\"_wpcf7cf_options\" value=\"{&quot;form_id&quot;:4734,&quot;conditions&quot;:[{&quot;then_field&quot;:&quot;group-rgpd&quot;,&quot;and_rules&quot;:[{&quot;if_field&quot;:&quot;cond&quot;,&quot;operator&quot;:&quot;equals&quot;,&quot;if_value&quot;:&quot;1&quot;}]}],&quot;settings&quot;:{&quot;animation&quot;:&quot;yes&quot;,&quot;animation_intime&quot;:200,&quot;animation_outtime&quot;:200,&quot;conditions_ui&quot;:&quot;normal&quot;,&quot;notice_dismissed&quot;:false,&quot;notice_dismissed_rollback-cf7-5.9.5&quot;:true}}\" \/><input type=\"hidden\" name=\"_wpcf7_recaptcha_response\" value=\"\" \/>\n<\/fieldset>\n<p><label><span class=\"wpcf7-form-control-wrap\" data-name=\"your-name\"><input size=\"40\" maxlength=\"400\" class=\"wpcf7-form-control wpcf7-text wpcf7-validates-as-required\" aria-required=\"true\" aria-invalid=\"false\" placeholder=\"Name\" value=\"\" type=\"text\" name=\"your-name\" \/><\/span> <\/label><br \/>\n<label><span class=\"wpcf7-form-control-wrap\" data-name=\"your-email\"><input size=\"40\" maxlength=\"400\" class=\"wpcf7-form-control wpcf7-email wpcf7-validates-as-required wpcf7-text wpcf7-validates-as-email\" aria-required=\"true\" aria-invalid=\"false\" placeholder=\"Email\" value=\"\" type=\"email\" name=\"your-email\" \/><\/span> <\/label><br \/>\n<label><span class=\"wpcf7-form-control-wrap\" data-name=\"telefon\"><input size=\"40\" maxlength=\"400\" class=\"wpcf7-form-control wpcf7-tel wpcf7-text wpcf7-validates-as-tel\" aria-invalid=\"false\" placeholder=\"Phone\" value=\"\" type=\"tel\" name=\"telefon\" \/><\/span> <\/label><br \/>\n<label><span class=\"wpcf7-form-control-wrap\" data-name=\"mensaje\"><textarea cols=\"40\" rows=\"10\" maxlength=\"2000\" class=\"wpcf7-form-control wpcf7-textarea\" aria-invalid=\"false\" placeholder=\"Tell us your idea\" name=\"mensaje\"><\/textarea><\/span> <\/label>\n<\/p>\n<div style=\"font-size: 0.8em;\">\n\t<p><span class=\"wpcf7-form-control-wrap\" data-name=\"cond\"><span class=\"wpcf7-form-control wpcf7-acceptance\"><span class=\"wpcf7-list-item\"><input type=\"checkbox\" name=\"cond\" value=\"1\" aria-invalid=\"false\" \/><\/span><\/span><\/span> I have read and accept the <a href=\"\/en\/legal-notice\" target=\"_blank\">Legal Notice<\/a> and the <a href=\"\/en\/privacy-policy\" target=\"_blank\">Privacy Policy<\/a>\n\t<\/p>\n\t<p><input class=\"wpcf7-form-control wpcf7-submit has-spinner\" type=\"submit\" value=\"Submit\" \/>\n\t<\/p>\n\t<div data-id=\"group-rgpd\" data-orig_data_id=\"group-rgpd\"  class=\"\" data-class=\"wpcf7cf_group\">\n\t<\/div>\n<\/div><p style=\"display: none !important;\" class=\"akismet-fields-container\" data-prefix=\"_wpcf7_ak_\"><label>&#916;<textarea name=\"_wpcf7_ak_hp_textarea\" cols=\"45\" rows=\"8\" maxlength=\"100\"><\/textarea><\/label><input type=\"hidden\" id=\"ak_js_1\" name=\"_wpcf7_ak_js\" value=\"201\"\/><script>document.getElementById( \"ak_js_1\" ).setAttribute( \"value\", ( new Date() ).getTime() );<\/script><\/p><div class=\"wpcf7-response-output\" aria-hidden=\"true\"><\/div>\n<\/form>\n<\/div>\n    <\/div>\n<\/div>\n<!-- \/module plain text -->        <\/div>\n                    <div  data-lazy=\"1\" class=\"module_column sub_column col3-1 tb_8y8t774 last\">\n                            <\/div>\n                    <\/div>\n                <\/div>\n                        <\/div>\n        <\/div>\n                        <div  data-css_id=\"jvxx289\" data-lazy=\"1\" class=\"module_row themify_builder_row fullwidth tb_jvxx289 tf_w\">\n                        <div class=\"row_inner col_align_top tb_col_count_1 tf_box tf_rel\">\n                        <div  data-lazy=\"1\" class=\"module_column tb-column col-full tb_5pl0290 first\">\n                    <!-- module plain text -->\n<div  class=\"module module-plain-text tb_95ng290 \" data-lazy=\"1\">\n        <div class=\"tb_text_wrap\">\n    <iframe data-src=\"https:\/\/www.google.com\/maps\/embed?pb=!1m18!1m12!1m3!1d3207.944812672885!2d-4.992549084372881!3d36.48304899318675!2m3!1f0!2f0!3f0!3m2!1i1024!2i768!4f13.1!3m3!1m2!1s0xd732a3d8fe1823f%3A0x1d916c3560627bfa!2sC.%20Andaluc%C3%ADa%2C%204%2C%2029670%20San%20Pedro%20Alc%C3%A1ntara%2C%20M%C3%A1laga!5e0!3m2!1ses!2ses!4v1675491626069!5m2!1ses!2ses\" width=\"100%\" height=\"400\" style=\"border:0;\" allowfullscreen=\"\" referrerpolicy=\"no-referrer-when-downgrade\" src=\"data:image\/svg+xml;base64,PHN2ZyB3aWR0aD0iMSIgaGVpZ2h0PSIxIiB4bWxucz0iaHR0cDovL3d3dy53My5vcmcvMjAwMC9zdmciPjwvc3ZnPg==\" class=\"lazyload\" data-load-mode=\"1\"><\/iframe>    <\/div>\n<\/div>\n<!-- \/module plain text -->        <\/div>\n                        <\/div>\n        <\/div>\n                        <div  data-css_id=\"dw8f417\" data-lazy=\"1\" class=\"module_row themify_builder_row fullwidth tb_dw8f417 tf_w\">\n            <span class=\"builder_row_cover tf_abs\"><\/span>            <div class=\"row_inner col_align_top tb_col_count_1 tf_box tf_rel\">\n                        <div  data-lazy=\"1\" class=\"module_column tb-column col-full tb_4ujo418 first\">\n                            <\/div>\n                        <\/div>\n        <\/div>\n        <\/div>\n<!--\/themify_builder_content-->","protected":false},"excerpt":{"rendered":"<p>Contacto54 Tattoo Studio \u00bfQuieres tatuarte?\u00bfNecesitas informaci\u00f3n? Vis\u00edtanos C. Andaluc\u00eda, 4, 29670 San Pedro Alc\u00e1ntara, M\u00e1laga Cont\u00e1ctanos Horario 11:00 a 20:00 hrs Whatsapp Ll\u00e1manos Ll\u00e1manos<\/p>\n","protected":false},"author":3,"featured_media":0,"parent":0,"menu_order":0,"comment_status":"closed","ping_status":"closed","template":"","meta":{"_eb_attr":"","footnotes":""},"class_list":["post-4951","page","type-page","status-publish","hentry","has-post-title","has-post-date","has-post-category","has-post-tag","has-post-comment","has-post-author",""],"yoast_head":"<!-- This site is optimized with the Yoast SEO plugin v27.4 - https:\/\/yoast.com\/product\/yoast-seo-wordpress\/ -->\n<title>Contacto | Studio 54 Tattoo<\/title>\n<meta name=\"robots\" content=\"index, follow, max-snippet:-1, max-image-preview:large, max-video-preview:-1\" \/>\n<link rel=\"canonical\" href=\"https:\/\/54tattoostudio.com\/en\/contacto\/\" \/>\n<meta property=\"og:locale\" content=\"en_US\" \/>\n<meta property=\"og:type\" content=\"article\" \/>\n<meta property=\"og:title\" content=\"Contacto | Studio 54 Tattoo\" \/>\n<meta property=\"og:description\" content=\"Contacto54 Tattoo Studio \u00bfQuieres tatuarte?\u00bfNecesitas informaci\u00f3n? Vis\u00edtanos C. Andaluc\u00eda, 4, 29670 San Pedro Alc\u00e1ntara, M\u00e1laga Cont\u00e1ctanos Horario 11:00 a 20:00 hrs Whatsapp Ll\u00e1manos Ll\u00e1manos\" \/>\n<meta property=\"og:url\" content=\"https:\/\/54tattoostudio.com\/en\/contacto\/\" \/>\n<meta property=\"og:site_name\" content=\"Studio 54 Tattoo\" \/>\n<meta property=\"article:modified_time\" content=\"2025-01-14T09:41:09+00:00\" \/>\n<meta name=\"twitter:card\" content=\"summary_large_image\" \/>\n<script type=\"application\/ld+json\" class=\"yoast-schema-graph\">{\"@context\":\"https:\\\/\\\/schema.org\",\"@graph\":[{\"@type\":\"WebPage\",\"@id\":\"https:\\\/\\\/54tattoostudio.com\\\/en\\\/contacto\\\/\",\"url\":\"https:\\\/\\\/54tattoostudio.com\\\/en\\\/contacto\\\/\",\"name\":\"Contacto | Studio 54 Tattoo\",\"isPartOf\":{\"@id\":\"https:\\\/\\\/54tattoostudio.com\\\/en\\\/#website\"},\"datePublished\":\"2019-11-26T09:03:47+00:00\",\"dateModified\":\"2025-01-14T09:41:09+00:00\",\"breadcrumb\":{\"@id\":\"https:\\\/\\\/54tattoostudio.com\\\/en\\\/contacto\\\/#breadcrumb\"},\"inLanguage\":\"en-US\",\"potentialAction\":[{\"@type\":\"ReadAction\",\"target\":[\"https:\\\/\\\/54tattoostudio.com\\\/en\\\/contacto\\\/\"]}]},{\"@type\":\"BreadcrumbList\",\"@id\":\"https:\\\/\\\/54tattoostudio.com\\\/en\\\/contacto\\\/#breadcrumb\",\"itemListElement\":[{\"@type\":\"ListItem\",\"position\":1,\"name\":\"Portada\",\"item\":\"https:\\\/\\\/54tattoostudio.com\\\/en\\\/\"},{\"@type\":\"ListItem\",\"position\":2,\"name\":\"Contacto\"}]},{\"@type\":\"WebSite\",\"@id\":\"https:\\\/\\\/54tattoostudio.com\\\/en\\\/#website\",\"url\":\"https:\\\/\\\/54tattoostudio.com\\\/en\\\/\",\"name\":\"Studio 54 Tattoo\",\"description\":\"\",\"potentialAction\":[{\"@type\":\"SearchAction\",\"target\":{\"@type\":\"EntryPoint\",\"urlTemplate\":\"https:\\\/\\\/54tattoostudio.com\\\/en\\\/?s={search_term_string}\"},\"query-input\":{\"@type\":\"PropertyValueSpecification\",\"valueRequired\":true,\"valueName\":\"search_term_string\"}}],\"inLanguage\":\"en-US\"}]}<\/script>\n<!-- \/ Yoast SEO plugin. -->","yoast_head_json":{"title":"Contacto | Studio 54 Tattoo","robots":{"index":"index","follow":"follow","max-snippet":"max-snippet:-1","max-image-preview":"max-image-preview:large","max-video-preview":"max-video-preview:-1"},"canonical":"https:\/\/54tattoostudio.com\/en\/contacto\/","og_locale":"en_US","og_type":"article","og_title":"Contacto | Studio 54 Tattoo","og_description":"Contacto54 Tattoo Studio \u00bfQuieres tatuarte?\u00bfNecesitas informaci\u00f3n? Vis\u00edtanos C. Andaluc\u00eda, 4, 29670 San Pedro Alc\u00e1ntara, M\u00e1laga Cont\u00e1ctanos Horario 11:00 a 20:00 hrs Whatsapp Ll\u00e1manos Ll\u00e1manos","og_url":"https:\/\/54tattoostudio.com\/en\/contacto\/","og_site_name":"Studio 54 Tattoo","article_modified_time":"2025-01-14T09:41:09+00:00","twitter_card":"summary_large_image","schema":{"@context":"https:\/\/schema.org","@graph":[{"@type":"WebPage","@id":"https:\/\/54tattoostudio.com\/en\/contacto\/","url":"https:\/\/54tattoostudio.com\/en\/contacto\/","name":"Contacto | Studio 54 Tattoo","isPartOf":{"@id":"https:\/\/54tattoostudio.com\/en\/#website"},"datePublished":"2019-11-26T09:03:47+00:00","dateModified":"2025-01-14T09:41:09+00:00","breadcrumb":{"@id":"https:\/\/54tattoostudio.com\/en\/contacto\/#breadcrumb"},"inLanguage":"en-US","potentialAction":[{"@type":"ReadAction","target":["https:\/\/54tattoostudio.com\/en\/contacto\/"]}]},{"@type":"BreadcrumbList","@id":"https:\/\/54tattoostudio.com\/en\/contacto\/#breadcrumb","itemListElement":[{"@type":"ListItem","position":1,"name":"Portada","item":"https:\/\/54tattoostudio.com\/en\/"},{"@type":"ListItem","position":2,"name":"Contacto"}]},{"@type":"WebSite","@id":"https:\/\/54tattoostudio.com\/en\/#website","url":"https:\/\/54tattoostudio.com\/en\/","name":"Studio 54 Tattoo","description":"","potentialAction":[{"@type":"SearchAction","target":{"@type":"EntryPoint","urlTemplate":"https:\/\/54tattoostudio.com\/en\/?s={search_term_string}"},"query-input":{"@type":"PropertyValueSpecification","valueRequired":true,"valueName":"search_term_string"}}],"inLanguage":"en-US"}]}},"builder_content":"<h1>Contact<br\/>54 Tattoo Studio<\/h1>\n<h1>Do you want to get a tattoo?<br\/>Do you need information?<\/h1>\n<h1><br\/>Visit us<\/h1>\n<p style=\"text-align: center;\">C. Andaluc\u00eda, 4, 29670 San Pedro Alc\u00e1ntara, M\u00e1laga<\/p>\n<h1><br\/>Contact us<\/h1>\n<p style=\"text-align: center;\">Horario 11:00 a 20:00 hrs<\/p>\n<p style=\"text-align: center;\"><a href=\"https:\/\/api.whatsapp.com\/send?phone=34640678824&amp;text=\"> <button>Whatsapp<\/button><\/a><\/p>\n<p style=\"text-align: center;\"><a href=\"\/telefono\"> <button>Call us<\/button><\/a> <a href=\"tel:+34640678824\"><button>Ll\u00e1manos<\/button><\/a><\/p>\n[contact-form-7 id=\"4\" title=\"Formulario de contacto\"]\n<iframe src=\"https:\/\/www.google.com\/maps\/embed?pb=!1m18!1m12!1m3!1d3207.944812672885!2d-4.992549084372881!3d36.48304899318675!2m3!1f0!2f0!3f0!3m2!1i1024!2i768!4f13.1!3m3!1m2!1s0xd732a3d8fe1823f%3A0x1d916c3560627bfa!2sC.%20Andaluc%C3%ADa%2C%204%2C%2029670%20San%20Pedro%20Alc%C3%A1ntara%2C%20M%C3%A1laga!5e0!3m2!1ses!2ses!4v1675491626069!5m2!1ses!2ses\" width=\"100%\" height=\"400\" style=\"border:0;\" allowfullscreen=\"\" loading=\"lazy\" referrerpolicy=\"no-referrer-when-downgrade\"><\/iframe>","_links":{"self":[{"href":"https:\/\/54tattoostudio.com\/en\/wp-json\/wp\/v2\/pages\/4951","targetHints":{"allow":["GET"]}}],"collection":[{"href":"https:\/\/54tattoostudio.com\/en\/wp-json\/wp\/v2\/pages"}],"about":[{"href":"https:\/\/54tattoostudio.com\/en\/wp-json\/wp\/v2\/types\/page"}],"author":[{"embeddable":true,"href":"https:\/\/54tattoostudio.com\/en\/wp-json\/wp\/v2\/users\/3"}],"replies":[{"embeddable":true,"href":"https:\/\/54tattoostudio.com\/en\/wp-json\/wp\/v2\/comments?post=4951"}],"version-history":[{"count":2,"href":"https:\/\/54tattoostudio.com\/en\/wp-json\/wp\/v2\/pages\/4951\/revisions"}],"predecessor-version":[{"id":4954,"href":"https:\/\/54tattoostudio.com\/en\/wp-json\/wp\/v2\/pages\/4951\/revisions\/4954"}],"wp:attachment":[{"href":"https:\/\/54tattoostudio.com\/en\/wp-json\/wp\/v2\/media?parent=4951"}],"curies":[{"name":"wp","href":"https:\/\/api.w.org\/{rel}","templated":true}]}}